{"id":2,"date":"2010-03-27T22:57:42","date_gmt":"2010-03-27T22:57:42","guid":{"rendered":"http:\/\/www.abduction.de\/blog\/?page_id=2"},"modified":"2019-02-02T17:16:42","modified_gmt":"2019-02-02T16:16:42","slug":"wer-wir-sind","status":"publish","type":"page","link":"https:\/\/www.abduction.de\/blog\/wer-wir-sind\/","title":{"rendered":"\u00dcber uns"},"content":{"rendered":"<p>Das <a href=\"https:\/\/www.abduction.de\/abducteeforum\/\">Abductee-Forum<\/a> und der Abductee-Blog stellen ein Selbsthilfeprojekt von Betroffenen des sogenannten Alien-Entf\u00fchrungsph\u00e4nomens dar, das sich sowohl an Betroffene, als auch an \u201cNichtbetroffene\u201d, interessierte Personen wendet.<\/p>\n<p>Abduction.de ist ein Zusammenschluss von Betroffenen des Entf\u00fchrungsph\u00e4nomens (= der sogenannten Alien-Entf\u00fchrungen bzw. des Besucherph\u00e4nomens) und wird von den Administratoren in Freizeitarbeit betreut.<br \/>\nWir sind eine Gruppe junger Menschen mit unterschiedlichem Erfahrungsschatz und Lebenshintergrund, die trotz ihrer ungew\u00f6hnlichen Erlebnisse allesamt mitten im Leben stehen. Aufgrund der vorherrschenden Tabuisierung des Themas sehen wir Handlungsbedarf und erachten es f\u00fcr notwendig, eine Informationsplattform im deutschsprachigen Raum zu schaffen und den Austausch zwischen Betroffenen zu f\u00f6rdern.<\/p>\n<p>&nbsp;<\/p>\n<p><span style=\"text-decoration: underline;\"><strong>Ziele der Community: <\/strong><\/span><br \/>\n<strong><br \/>\n&#8211; Hilfestellung f\u00fcr Betroffene:<\/strong><\/p>\n<ul>\n<li>Ersetzen von Unsicherheit durch Information, um Betroffene zu bef\u00e4higen, ein pers\u00f6nliches Bild \u00fcber ihre Entf\u00fchrungen und deren Bedeutung f\u00fcr die eigene Alltagswelt zu schaffen<\/li>\n<li>Aktivieren von Selbstbewusstsein, Unterst\u00fctzung in der pers\u00f6nlichen Weiterentwicklung und in der Integration der eigenen Erfahrungen in ein stabiles Weltbild<\/li>\n<li>\u00dcberbr\u00fcckung von Isolation und F\u00f6rderung von Informationsaustausch unter Betroffenen (z.B. durch <a href=\"http:\/\/forum.abduction.de\">Abductee-Forum<\/a>, Chat-\/Mailkontakt, Organisierung von Treffen)<\/li>\n<li>Darstellung des Entf\u00fchrungsprinzips und dessen Folgen f\u00fcr Betroffene in Hinblick auf eine Aufkl\u00e4rung Au\u00dfenstehender und auf die Nachvollziehbarkeit des Ph\u00e4nomens, um Transparenz nach au\u00dfen und Verst\u00e4ndnis f\u00fcr die Situation Betroffener zu schaffen<\/li>\n<\/ul>\n<p style=\"text-align: justify;\"><strong>&#8211; Diskussion und Erforschung:<\/strong><\/p>\n<ul>\n<li>\n<div>\n<p>Wahrung der Vielfalt an Sichtweisen und Perspektiven in der Diskussion um das Entf\u00fchrungsph\u00e4nomen mit der Vermeidung von festen Dogmen und Indoktrination. Besprechung alternativer Themen und F\u00f6rderung von Austauschm\u00f6glichkeiten (Puzzleprinzip &#8211; ein jeder tr\u00e4gt einen Teil zum Gesamtbild bei)<\/p>\n<\/div>\n<\/li>\n<li>\n<div>\n<p>M\u00f6gliche Integration des Entf\u00fchrungsph\u00e4nomens als Teilerscheinung in ein erweitertes Bild des Besucherph\u00e4nomens<\/p>\n<\/div>\n<\/li>\n<li style=\"text-align: justify;\">Anregungen f\u00fcr Forschung und f\u00fcr die Schaffung weiterer hilfreicher Strukturen<\/li>\n<\/ul>\n<div class=\"shariff shariff-align-left shariff-widget-align-left\"><ul class=\"shariff-buttons theme-round orientation-horizontal buttonsize-small\"><li class=\"shariff-button info shariff-nocustomcolor\" style=\"background-color:#eee\"><a href=\"http:\/\/ct.de\/-2467514\" title=\"Weitere Informationen\" aria-label=\"Weitere Informationen\" role=\"button\" rel=\"noopener \" class=\"shariff-link\" style=\"; background-color:#fff; color:#fff\" target=\"_blank\"><span class=\"shariff-icon\" style=\"\"><svg width=\"32px\" height=\"20px\" xmlns=\"http:\/\/www.w3.org\/2000\/svg\" viewBox=\"0 0 11 32\"><path fill=\"#999\" d=\"M11.4 24v2.3q0 0.5-0.3 0.8t-0.8 0.4h-9.1q-0.5 0-0.8-0.4t-0.4-0.8v-2.3q0-0.5 0.4-0.8t0.8-0.4h1.1v-6.8h-1.1q-0.5 0-0.8-0.4t-0.4-0.8v-2.3q0-0.5 0.4-0.8t0.8-0.4h6.8q0.5 0 0.8 0.4t0.4 0.8v10.3h1.1q0.5 0 0.8 0.4t0.3 0.8zM9.2 3.4v3.4q0 0.5-0.4 0.8t-0.8 0.4h-4.6q-0.4 0-0.8-0.4t-0.4-0.8v-3.4q0-0.4 0.4-0.8t0.8-0.4h4.6q0.5 0 0.8 0.4t0.4 0.8z\"\/><\/svg><\/span><\/a><\/li><li class=\"shariff-button facebook shariff-nocustomcolor\" style=\"background-color:#4273c8\"><a href=\"https:\/\/www.facebook.com\/sharer\/sharer.php?u=https%3A%2F%2Fwww.abduction.de%2Fblog%2Fwer-wir-sind%2F\" title=\"Bei Facebook teilen\" aria-label=\"Bei Facebook teilen\" role=\"button\" rel=\"nofollow\" class=\"shariff-link\" style=\"; background-color:#3b5998; color:#fff\" target=\"_blank\"><span class=\"shariff-icon\" style=\"\"><svg width=\"32px\" height=\"20px\" xmlns=\"http:\/\/www.w3.org\/2000\/svg\" viewBox=\"0 0 18 32\"><path fill=\"#3b5998\" d=\"M17.1 0.2v4.7h-2.8q-1.5 0-2.1 0.6t-0.5 1.9v3.4h5.2l-0.7 5.3h-4.5v13.6h-5.5v-13.6h-4.5v-5.3h4.5v-3.9q0-3.3 1.9-5.2t5-1.8q2.6 0 4.1 0.2z\"\/><\/svg><\/span><\/a><\/li><li class=\"shariff-button twitter shariff-nocustomcolor\" style=\"background-color:#595959\"><a href=\"https:\/\/twitter.com\/share?url=https%3A%2F%2Fwww.abduction.de%2Fblog%2Fwer-wir-sind%2F&text=%C3%9Cber%20uns\" title=\"Bei X teilen\" aria-label=\"Bei X teilen\" role=\"button\" rel=\"noopener nofollow\" class=\"shariff-link\" style=\"; background-color:#000; color:#fff\" target=\"_blank\"><span class=\"shariff-icon\" style=\"\"><svg width=\"32px\" height=\"20px\" xmlns=\"http:\/\/www.w3.org\/2000\/svg\" viewBox=\"0 0 24 24\"><path fill=\"#000\" d=\"M14.258 10.152L23.176 0h-2.113l-7.747 8.813L7.133 0H0l9.352 13.328L0 23.973h2.113l8.176-9.309 6.531 9.309h7.133zm-2.895 3.293l-.949-1.328L2.875 1.56h3.246l6.086 8.523.945 1.328 7.91 11.078h-3.246zm0 0\"\/><\/svg><\/span><\/a><\/li><li class=\"shariff-button whatsapp shariff-nocustomcolor\" style=\"background-color:#5cbe4a\"><a href=\"https:\/\/api.whatsapp.com\/send?text=https%3A%2F%2Fwww.abduction.de%2Fblog%2Fwer-wir-sind%2F%20%C3%9Cber%20uns\" title=\"Bei Whatsapp teilen\" aria-label=\"Bei Whatsapp teilen\" role=\"button\" rel=\"noopener nofollow\" class=\"shariff-link\" style=\"; background-color:#34af23; color:#fff\" target=\"_blank\"><span class=\"shariff-icon\" style=\"\"><svg width=\"32px\" height=\"20px\" xmlns=\"http:\/\/www.w3.org\/2000\/svg\" viewBox=\"0 0 32 32\"><path fill=\"#34af23\" d=\"M17.6 17.4q0.2 0 1.7 0.8t1.6 0.9q0 0.1 0 0.3 0 0.6-0.3 1.4-0.3 0.7-1.3 1.2t-1.8 0.5q-1 0-3.4-1.1-1.7-0.8-3-2.1t-2.6-3.3q-1.3-1.9-1.3-3.5v-0.1q0.1-1.6 1.3-2.8 0.4-0.4 0.9-0.4 0.1 0 0.3 0t0.3 0q0.3 0 0.5 0.1t0.3 0.5q0.1 0.4 0.6 1.6t0.4 1.3q0 0.4-0.6 1t-0.6 0.8q0 0.1 0.1 0.3 0.6 1.3 1.8 2.4 1 0.9 2.7 1.8 0.2 0.1 0.4 0.1 0.3 0 1-0.9t0.9-0.9zM14 26.9q2.3 0 4.3-0.9t3.6-2.4 2.4-3.6 0.9-4.3-0.9-4.3-2.4-3.6-3.6-2.4-4.3-0.9-4.3 0.9-3.6 2.4-2.4 3.6-0.9 4.3q0 3.6 2.1 6.6l-1.4 4.2 4.3-1.4q2.8 1.9 6.2 1.9zM14 2.2q2.7 0 5.2 1.1t4.3 2.9 2.9 4.3 1.1 5.2-1.1 5.2-2.9 4.3-4.3 2.9-5.2 1.1q-3.5 0-6.5-1.7l-7.4 2.4 2.4-7.2q-1.9-3.2-1.9-6.9 0-2.7 1.1-5.2t2.9-4.3 4.3-2.9 5.2-1.1z\"\/><\/svg><\/span><\/a><\/li><li class=\"shariff-button rss shariff-nocustomcolor\" style=\"background-color:#ff8c00\"><a href=\"https:\/\/www.abduction.de\/blog\/feed\/\" title=\"RSS-feed\" aria-label=\"RSS-feed\" role=\"button\" class=\"shariff-link\" style=\"; background-color:#fe9312; color:#fff\" target=\"_blank\"><span class=\"shariff-icon\" style=\"\"><svg width=\"32px\" height=\"20px\" xmlns=\"http:\/\/www.w3.org\/2000\/svg\" viewBox=\"0 0 32 32\"><path fill=\"#fe9312\" d=\"M4.3 23.5c-2.3 0-4.3 1.9-4.3 4.3 0 2.3 1.9 4.2 4.3 4.2 2.4 0 4.3-1.9 4.3-4.2 0-2.3-1.9-4.3-4.3-4.3zM0 10.9v6.1c4 0 7.7 1.6 10.6 4.4 2.8 2.8 4.4 6.6 4.4 10.6h6.2c0-11.7-9.5-21.1-21.1-21.1zM0 0v6.1c14.2 0 25.8 11.6 25.8 25.9h6.2c0-17.6-14.4-32-32-32z\"\/><\/svg><\/span><\/a><\/li><li class=\"shariff-button mailto shariff-nocustomcolor\" style=\"background-color:#a8a8a8\"><a href=\"mailto:?body=https%3A%2F%2Fwww.abduction.de%2Fblog%2Fwer-wir-sind%2F&subject=%C3%9Cber%20uns\" title=\"Per E-Mail versenden\" aria-label=\"Per E-Mail versenden\" role=\"button\" rel=\"noopener nofollow\" class=\"shariff-link\" style=\"; background-color:#999; color:#fff\"><span class=\"shariff-icon\" style=\"\"><svg width=\"32px\" height=\"20px\" xmlns=\"http:\/\/www.w3.org\/2000\/svg\" viewBox=\"0 0 32 32\"><path fill=\"#999\" d=\"M32 12.7v14.2q0 1.2-0.8 2t-2 0.9h-26.3q-1.2 0-2-0.9t-0.8-2v-14.2q0.8 0.9 1.8 1.6 6.5 4.4 8.9 6.1 1 0.8 1.6 1.2t1.7 0.9 2 0.4h0.1q0.9 0 2-0.4t1.7-0.9 1.6-1.2q3-2.2 8.9-6.1 1-0.7 1.8-1.6zM32 7.4q0 1.4-0.9 2.7t-2.2 2.2q-6.7 4.7-8.4 5.8-0.2 0.1-0.7 0.5t-1 0.7-0.9 0.6-1.1 0.5-0.9 0.2h-0.1q-0.4 0-0.9-0.2t-1.1-0.5-0.9-0.6-1-0.7-0.7-0.5q-1.6-1.1-4.7-3.2t-3.6-2.6q-1.1-0.7-2.1-2t-1-2.5q0-1.4 0.7-2.3t2.1-0.9h26.3q1.2 0 2 0.8t0.9 2z\"\/><\/svg><\/span><\/a><\/li><\/ul><\/div>","protected":false},"excerpt":{"rendered":"<p>Das Abductee-Forum und der Abductee-Blog stellen ein Selbsthilfeprojekt von Betroffenen des sogenannten Alien-Entf\u00fchrungsph\u00e4nomens dar, das sich sowohl an Betroffene, als auch an \u201cNichtbetroffene\u201d, interessierte Personen wendet. Abduction.de ist ein Zusammenschluss von Betroffenen des Entf\u00fchrungsph\u00e4nomens (= der sogenannten Alien-Entf\u00fchrungen bzw. des Besucherph\u00e4nomens) und wird von den Administratoren in Freizeitarbeit betreut. Wir sind eine Gruppe junger Menschen &hellip; <a href=\"https:\/\/www.abduction.de\/blog\/wer-wir-sind\/\" class=\"more-link\"><span class=\"screen-reader-text\">\u00dcber uns<\/span> weiterlesen <span class=\"meta-nav\">&rarr;<\/span><\/a><\/p>\n","protected":false},"author":1,"featured_media":0,"parent":0,"menu_order":0,"comment_status":"closed","ping_status":"closed","template":"","meta":{"ngg_post_thumbnail":0,"footnotes":""},"class_list":["post-2","page","type-page","status-publish","hentry"],"yoast_head":"<!-- This site is optimized with the Yoast SEO plugin v27.5 - https:\/\/yoast.com\/product\/yoast-seo-wordpress\/ -->\n<title>\u00dcber uns - Abductee-Blog<\/title>\n<meta name=\"description\" content=\"Das Abductee-Forum und der Abductee-Blog stellen ein Selbsthilfeprojekt von Betroffenen des sogenannten Alien-Entf\u00fchrungsph\u00e4nomens dar.\" \/>\n<meta name=\"robots\" content=\"index, follow, max-snippet:-1, max-image-preview:large, max-video-preview:-1\" \/>\n<link rel=\"canonical\" href=\"https:\/\/www.abduction.de\/blog\/wer-wir-sind\/\" \/>\n<meta property=\"og:locale\" content=\"de_DE\" \/>\n<meta property=\"og:type\" content=\"article\" \/>\n<meta property=\"og:title\" content=\"\u00dcber uns - Abductee-Blog\" \/>\n<meta property=\"og:description\" content=\"Das Abductee-Forum und der Abductee-Blog stellen ein Selbsthilfeprojekt von Betroffenen des sogenannten Alien-Entf\u00fchrungsph\u00e4nomens dar.\" \/>\n<meta property=\"og:url\" content=\"https:\/\/www.abduction.de\/blog\/wer-wir-sind\/\" \/>\n<meta property=\"og:site_name\" content=\"Abductee-Blog\" \/>\n<meta property=\"article:publisher\" content=\"https:\/\/www.facebook.com\/abduction.de\" \/>\n<meta property=\"article:modified_time\" content=\"2019-02-02T16:16:42+00:00\" \/>\n<meta property=\"og:image\" content=\"https:\/\/www.abduction.de\/blog\/wp-content\/uploads\/2021\/05\/abduction_de_logo-e1701288256619.jpg\" \/>\n\t<meta property=\"og:image:width\" content=\"1020\" \/>\n\t<meta property=\"og:image:height\" content=\"629\" \/>\n\t<meta property=\"og:image:type\" content=\"image\/jpeg\" \/>\n<meta name=\"twitter:card\" content=\"summary_large_image\" \/>\n<meta name=\"twitter:label1\" content=\"Gesch\u00e4tzte Lesezeit\" \/>\n\t<meta name=\"twitter:data1\" content=\"2\u00a0Minuten\" \/>\n<script type=\"application\/ld+json\" class=\"yoast-schema-graph\">{\"@context\":\"https:\\\/\\\/schema.org\",\"@graph\":[{\"@type\":\"WebPage\",\"@id\":\"https:\\\/\\\/www.abduction.de\\\/blog\\\/wer-wir-sind\\\/\",\"url\":\"https:\\\/\\\/www.abduction.de\\\/blog\\\/wer-wir-sind\\\/\",\"name\":\"\u00dcber uns - Abductee-Blog\",\"isPartOf\":{\"@id\":\"https:\\\/\\\/www.abduction.de\\\/blog\\\/#website\"},\"datePublished\":\"2010-03-27T22:57:42+00:00\",\"dateModified\":\"2019-02-02T16:16:42+00:00\",\"description\":\"Das Abductee-Forum und der Abductee-Blog stellen ein Selbsthilfeprojekt von Betroffenen des sogenannten Alien-Entf\u00fchrungsph\u00e4nomens dar.\",\"breadcrumb\":{\"@id\":\"https:\\\/\\\/www.abduction.de\\\/blog\\\/wer-wir-sind\\\/#breadcrumb\"},\"inLanguage\":\"de\",\"potentialAction\":[{\"@type\":\"ReadAction\",\"target\":[\"https:\\\/\\\/www.abduction.de\\\/blog\\\/wer-wir-sind\\\/\"]}]},{\"@type\":\"BreadcrumbList\",\"@id\":\"https:\\\/\\\/www.abduction.de\\\/blog\\\/wer-wir-sind\\\/#breadcrumb\",\"itemListElement\":[{\"@type\":\"ListItem\",\"position\":1,\"name\":\"Startseite\",\"item\":\"https:\\\/\\\/www.abduction.de\\\/blog\\\/\"},{\"@type\":\"ListItem\",\"position\":2,\"name\":\"\u00dcber uns\"}]},{\"@type\":\"WebSite\",\"@id\":\"https:\\\/\\\/www.abduction.de\\\/blog\\\/#website\",\"url\":\"https:\\\/\\\/www.abduction.de\\\/blog\\\/\",\"name\":\"Abductee-Blog\",\"description\":\"Von Betroffenen f\u00fcr Betroffene und Interessierte des Alien-Entf\u00fchrungs-Ph\u00e4nomens\",\"potentialAction\":[{\"@type\":\"SearchAction\",\"target\":{\"@type\":\"EntryPoint\",\"urlTemplate\":\"https:\\\/\\\/www.abduction.de\\\/blog\\\/?s={search_term_string}\"},\"query-input\":{\"@type\":\"PropertyValueSpecification\",\"valueRequired\":true,\"valueName\":\"search_term_string\"}}],\"inLanguage\":\"de\"}]}<\/script>\n<!-- \/ Yoast SEO plugin. -->","yoast_head_json":{"title":"\u00dcber uns - Abductee-Blog","description":"Das Abductee-Forum und der Abductee-Blog stellen ein Selbsthilfeprojekt von Betroffenen des sogenannten Alien-Entf\u00fchrungsph\u00e4nomens dar.","robots":{"index":"index","follow":"follow","max-snippet":"max-snippet:-1","max-image-preview":"max-image-preview:large","max-video-preview":"max-video-preview:-1"},"canonical":"https:\/\/www.abduction.de\/blog\/wer-wir-sind\/","og_locale":"de_DE","og_type":"article","og_title":"\u00dcber uns - Abductee-Blog","og_description":"Das Abductee-Forum und der Abductee-Blog stellen ein Selbsthilfeprojekt von Betroffenen des sogenannten Alien-Entf\u00fchrungsph\u00e4nomens dar.","og_url":"https:\/\/www.abduction.de\/blog\/wer-wir-sind\/","og_site_name":"Abductee-Blog","article_publisher":"https:\/\/www.facebook.com\/abduction.de","article_modified_time":"2019-02-02T16:16:42+00:00","og_image":[{"width":1020,"height":629,"url":"https:\/\/www.abduction.de\/blog\/wp-content\/uploads\/2021\/05\/abduction_de_logo-e1701288256619.jpg","type":"image\/jpeg"}],"twitter_card":"summary_large_image","twitter_misc":{"Gesch\u00e4tzte Lesezeit":"2\u00a0Minuten"},"schema":{"@context":"https:\/\/schema.org","@graph":[{"@type":"WebPage","@id":"https:\/\/www.abduction.de\/blog\/wer-wir-sind\/","url":"https:\/\/www.abduction.de\/blog\/wer-wir-sind\/","name":"\u00dcber uns - Abductee-Blog","isPartOf":{"@id":"https:\/\/www.abduction.de\/blog\/#website"},"datePublished":"2010-03-27T22:57:42+00:00","dateModified":"2019-02-02T16:16:42+00:00","description":"Das Abductee-Forum und der Abductee-Blog stellen ein Selbsthilfeprojekt von Betroffenen des sogenannten Alien-Entf\u00fchrungsph\u00e4nomens dar.","breadcrumb":{"@id":"https:\/\/www.abduction.de\/blog\/wer-wir-sind\/#breadcrumb"},"inLanguage":"de","potentialAction":[{"@type":"ReadAction","target":["https:\/\/www.abduction.de\/blog\/wer-wir-sind\/"]}]},{"@type":"BreadcrumbList","@id":"https:\/\/www.abduction.de\/blog\/wer-wir-sind\/#breadcrumb","itemListElement":[{"@type":"ListItem","position":1,"name":"Startseite","item":"https:\/\/www.abduction.de\/blog\/"},{"@type":"ListItem","position":2,"name":"\u00dcber uns"}]},{"@type":"WebSite","@id":"https:\/\/www.abduction.de\/blog\/#website","url":"https:\/\/www.abduction.de\/blog\/","name":"Abductee-Blog","description":"Von Betroffenen f\u00fcr Betroffene und Interessierte des Alien-Entf\u00fchrungs-Ph\u00e4nomens","potentialAction":[{"@type":"SearchAction","target":{"@type":"EntryPoint","urlTemplate":"https:\/\/www.abduction.de\/blog\/?s={search_term_string}"},"query-input":{"@type":"PropertyValueSpecification","valueRequired":true,"valueName":"search_term_string"}}],"inLanguage":"de"}]}},"_links":{"self":[{"href":"https:\/\/www.abduction.de\/blog\/wp-json\/wp\/v2\/pages\/2","targetHints":{"allow":["GET"]}}],"collection":[{"href":"https:\/\/www.abduction.de\/blog\/wp-json\/wp\/v2\/pages"}],"about":[{"href":"https:\/\/www.abduction.de\/blog\/wp-json\/wp\/v2\/types\/page"}],"author":[{"embeddable":true,"href":"https:\/\/www.abduction.de\/blog\/wp-json\/wp\/v2\/users\/1"}],"replies":[{"embeddable":true,"href":"https:\/\/www.abduction.de\/blog\/wp-json\/wp\/v2\/comments?post=2"}],"version-history":[{"count":30,"href":"https:\/\/www.abduction.de\/blog\/wp-json\/wp\/v2\/pages\/2\/revisions"}],"predecessor-version":[{"id":3429,"href":"https:\/\/www.abduction.de\/blog\/wp-json\/wp\/v2\/pages\/2\/revisions\/3429"}],"wp:attachment":[{"href":"https:\/\/www.abduction.de\/blog\/wp-json\/wp\/v2\/media?parent=2"}],"curies":[{"name":"wp","href":"https:\/\/api.w.org\/{rel}","templated":true}]}}