{"id":3193,"date":"2019-01-12T15:02:58","date_gmt":"2019-01-12T14:02:58","guid":{"rendered":"https:\/\/www.abduction.de\/blog\/?page_id=3193"},"modified":"2019-01-12T19:03:17","modified_gmt":"2019-01-12T18:03:17","slug":"die-anfaenge-des-hybridenprojekts","status":"publish","type":"page","link":"https:\/\/www.abduction.de\/blog\/alien-faehigkeiten\/david-jacobs-und-das-hybridenprojekt\/die-anfaenge-des-hybridenprojekts\/","title":{"rendered":"Teil 2: Die Anf\u00e4nge des Hybridenprojekts"},"content":{"rendered":"<h4>Die Anf\u00e4nge des Hybridenprojekts<\/h4>\n<div>\n<div>\n<p>Die gro\u00dfe Frage ist nat\u00fcrlich: Warum sollten andere intelligente Lebewesen uns entf\u00fchren? Welchen Nutzen k\u00f6nnten sie daraus ziehen und welche Zwecke verfolgen sie damit?<\/p>\n<p>Jeder Entf\u00fchrungsforscher hat dabei wohl so seine eigene Herangehensweise und konzentriert sich in seiner Arbeit auf bestimmte Aspekte, die f\u00fcr ihn am wichtigsten erscheinen. Nat\u00fcrlich ist man sich \u00fcber die Grundz\u00fcge von Entf\u00fchrungserfahrungen einig. Welche Schlussfolgerungen man allerdings daraus ziehen soll, steht auf einem ganz anderen Blatt. John Mack betonte beispielsweise, dass Entf\u00fchrungen neben ihren traumatischen Aspekten auch eine Art St\u00e4rkung und spirituelle Weiterentwicklung bieten k\u00f6nnten und die Alien-Wesen teilweise Prozeduren durchf\u00fchren, um m\u00f6glicherweise eine solche Haltung zu vermitteln.<\/p>\n<p>David Jacobs bildet dabei so etwas einen Gegenpol, indem er sich mehr auf die fortpflanzungsbezogenen Aspekte von Entf\u00fchrungserfahrungen konzentriert. Seine eigenen Beobachtungen stimmen ihn eher besorgt:<\/p>\n<blockquote><p>\u201eLernen und sich weiterentwickeln? Ja. Ist es erf\u00fcllend? Nein. Mag ich das was ich tue? Nein. Mag ich dieses Ph\u00e4nomen? Ich hasse es. Ich habe es einmal geliebt. Ich habe einmal gedacht, dass es wirklich aufregend und interessant w\u00e4re und dass ich es vielleicht mit einem \u201eKontakt\u201c zu tun hatte, und nat\u00fcrlich ist das ein unsinniges Konzept. Es ist das Konzept, das nur in der fruchtbaren Vorstellungskraft der Popul\u00e4rkultur und der Wissenschaftler existiert. Es ist kein Konzept, das auf das Entf\u00fchrungsph\u00e4nomen zutrifft. Wenn Menschen seit der Zeit entf\u00fchrt werden, in der sie Kleinkinder sind, und das alles bis in jedes Alter, ist das Konzept von Kontakt einfach nicht vorhanden.\u201c<\/p><\/blockquote>\n<p>David Jacobs bezieht sich dabei auf unsere naiven Vorstellungen eines Kontaktes mit au\u00dferirdischen Wesen. Seiner Meinung nach wird die Frage nach dem Warum? Der Entf\u00fchrungen dadurch gel\u00f6st, indem man ganz einfach von vorne anf\u00e4ngt und beobachtet, wie sich die Alien-Wesen uns gegen\u00fcber verhalten und pr\u00e4sentieren.<span id=\"more-1685\"><\/span><\/p>\n<p>Naive Konzepte von Kontakt fu\u00dfen f\u00fcr ihn auf der Frage:<br \/>\nWarum landen sie nicht und zeigen sich uns nicht?<\/p>\n<p>Die Theorien, die daf\u00fcr entwickelt werden, sind beispielsweise:<\/p>\n<ul>\n<li>Sie haben Angst, dass wir feindselig reagieren und sie abknallen<\/li>\n<li>Sie verfolgen ethische Interessen und wollen keine Gefahr f\u00fcr uns selbst heraufbeschw\u00f6ren, da wir im Falle eines Kontaktes panisch reagieren k\u00f6nnten. Daher greifen sie nicht in den Lauf unserer Welt ein und halten sich heraus.<\/li>\n<li>Sie wollen uns erst kennenlernen und studieren, bevor sie landen.<\/li>\n<\/ul>\n<p>All diese naiven Theorien basieren f\u00fcr Jacobs auf keinen Beweisen und die Beobachtungen, die wir von den Entf\u00fchrungen her kennen, decken sich nicht mit den Dingen, die wir uns unter einem Kontakt vorstellen w\u00fcrden. Die ganze Geschichte ist f\u00fcr ihn etwas komplizierter. Anf\u00e4nglich hatte man nur Bruchst\u00fccke von Zeugen, die f\u00fcr sich genommen keinen Sinn ergaben und zu falschen Informationen bzw. solch absurden, naiven Theorien f\u00fchrten. Zum Beispiel h\u00e4lt Jacobs nicht viel von den zugegebenerma\u00dfen oft seltsamen Berichten \u00fcber humanoide Wesen, die vereinzelt aufgetaucht und so ziemlich aus dem Rahmen gefallen sind. Der Einsatz von Hypnose gestaltete sich daher wie eine Offenbarung, da dadurch erstmals Muster ans Licht kamen, wie man sie sonst nur von den UFO-F\u00e4llen her kannte. Jacobs gibt dazu ein Beispiel. Einmal rief Budd Hopkins ihn aufgeregt an und erz\u00e4hlte von einem seltsamen Fall:<\/p>\n<blockquote><p>\u201eEr sagte: \u201eNaja, da war diese Frau, und sie brachten sie in einen Raum, und dort war eine ganze Reihe von seltsam aussehenden Babys. Und sie brachten sie dazu, dieses Baby zu nehmen, das halb menschlich, halb alienartig aussah, und sie musste das Baby halten.\u201c<br \/>\nIch war so erstaunt dar\u00fcber. Ich hatte noch nie das Wort \u201eBaby\u201c und \u201eAliens\u201c oder \u201eUFOs\u201c zusammen in demselben Satz geh\u00f6rt, noch niemals zuvor in meinem Leben.<br \/>\n\u201eWas meinst du damit, Babys?\u201c<br \/>\nUnd er sagte: \u201eJa, das ist es, was passiert ist.\u201c Dann sagt er, dass sie sie dazu brachten, das Baby an ihre Brust zu legen und das Baby zu stillen.<br \/>\nIch sagte: \u201eDas Baby stillen? Wovon redest du da? Man kann das Baby nicht einfach so auf Abruf stillen, nur weil jemand es von einem verlangt.\u201c Ich sagte: \u201eHat sie ihnen erkl\u00e4rt, dass sie nicht schwanger war, dass sie keine Milch hatte, man kann das Baby nicht einfach so stillen.\u201c<br \/>\nUnd er sagte: \u201eJa, sie sagte das, sie sagte dass sie das Baby nicht stillen k\u00f6nnte, es w\u00e4re nicht m\u00f6glich. Aber sie zwangen sie trotzdem dazu, das Baby an ihre Brust zu legen und das Baby zu stillen.\u201c\u201c<\/p><\/blockquote>\n<p>Derartige Dinge waren damals noch etwas ganz Neues und man war erst auf der Suche nach all den Elementen, die eine Entf\u00fchrungserfahrung charakterisierten.<br \/>\nDie Situation hatte etwas sehr Seltsames und ergab f\u00fcr sich genommen keinen Sinn. Jacobs fragte sich daher zun\u00e4chst, ob sich die Denkweise der Alien-Wesen vielleicht komplett von der unseren unterschied. Anscheinend stellten die Wesen die \u201eForm \u00fcber die Funktion\u201c, d.h. sie glaubten, wenn man ganz einfach das Verhalten nachahmen und ein Baby an eine menschliche Brust heben w\u00fcrde, m\u00fcsste ganz automatisch Milch kommen.<br \/>\nAber das ganze erwies sich als Missverst\u00e4ndnis, und durch den Einsatz von Hypnose brachte man immer mehr Licht ins Dunkel:<\/p>\n<blockquote><p>\u201eWas wir nat\u00fcrlich herausgefunden haben, ist \u2013 wir haben jetzt hunderte dieser F\u00e4lle. Die Frau gibt schon l\u00e4ngst Milch ab, ob sie es nun wei\u00df oder nicht. Und die Milchabgabe wurde durch andere Prozeduren angeregt, die bereits zuvor stattgefunden haben, und es kommt Milch. Und alles was wir \u00fcber dieses Thema gelernt haben, schien am Anfang hirnrissig und unfassbar unlogisch zu sein, erwies sich aber als sehr normal, sehr logisch, sehr vern\u00fcnftig.\u201c<\/p><\/blockquote>\n<p>Dabei stie\u00df man vor allem auch auf das Interesse an fortpflanzungsbezogenen Aspekten. Entf\u00fchrte beschrieben immer wieder, dass sie sich auf einen Untersuchungstisch legen mussten. Zuerst erfolgte dabei eine eingehende k\u00f6rperliche Untersuchung. Im Anschluss daran wurden M\u00e4nnern beispielsweise Sperma und Frauen Eizellen entnommen. Dies geschah auch schon im Barney und Betty Hill-Fall. Manchmal wurden auch sexuellen Kontakte mit eher menschen\u00e4hnlichen Wesen beschrieben. Frauen wurden befruchtete Eizellen eingesetzt und die F\u00f6ten bei einer sp\u00e4teren Entf\u00fchrung wieder entnommen. Und es tauchten Babys auf, die ganz seltsame Eigenschaften aufwiesen: Sie schienen wie eine Mischung aus Mensch und Alien auszusehen.<\/p>\n<blockquote><p>\u201eDie Menschen haben also angefangen, diese Babys zu beschreiben. Und ich begann dieselbe Art von Berichten zu bekommen, und Budd bekam noch weitere, und es wurde zu einer Art Routine. Und immer mehr Menschen begannen sie nicht mehr als Babys zu sehen, sondern als drei-, vier-, f\u00fcnfj\u00e4hrige \u201eKnirpse\u201c, wie man sagt. Und dann haben sie sie als junge Kinder zu sehen, zehn oder elf Jahre alt. Sie haben sie als Jugendliche gesehen, sie haben sie als [\u2026] junge Erwachsene gesehen, und die Menschen sahen sie als normale Erwachsene, \u00e4ltere Erwachsene. Aber nicht als sehr alte Erwachsene. Aus irgendeinem Grund nicht \u00e4lter als f\u00fcnfzig Jahre. Und das scheint immer noch der Fall zu sein, und wir wissen nicht warum.\u201c<\/p><\/blockquote>\n<p>Diese Wesen wurden \u201eHybriden\u201c genannt. Budd Hopkins hat diesen Begriff gepr\u00e4gt, bezeichnet sie nun etwas wissenschaftlicher aber als \u201etransgene Wesen\u201c.<\/p>\n<blockquote><p>\u201eWas ich \u00fcber die Jahre hinweg zu entdecken begann, war eine vermehrte Miteinbeziehung von erwachsenen Hybriden, und sogar j\u00fcngeren, jugendlichen Hybriden in die Entf\u00fchrungsprozesse. Manchmal kommen statt grauen Aliens Hybriden herunter, um jemanden zu entf\u00fchren. Manchmal sind bei den Prozeduren, die bei Menschen auf dem Tisch angewandt werden, Hybriden anwesend, die einige der Prozeduren durchf\u00fchren, immer zusammen mit grauen Aliens. Im Laufe der Zeit begannen die Menschen zu beschreiben, dass Entf\u00fchrungsereignisse deutlich erkennbar mit immer weniger grauen Aliens durchgef\u00fchrt werden, sie immer weniger anwesend sind. Und dann schlie\u00dflich Entf\u00fchrungen nur mit Hybriden und \u00fcberhaupt keinen grauen Aliens. Nun trifft das nicht auf jeden zu und es geschieht nicht jedes Mal, aber man konnte erkennen, dass es sich so ereignete. Das Muster begann sich zumindest bei einigen Menschen zu ver\u00e4ndern, nicht bei jedem, aber bei einigen Menschen. In den 80ziger Jahren habe ich \u00fcberhaupt nichts auch nur ann\u00e4herndes in dieser Art geh\u00f6rt. Und was ich also zu sehen begann, war eine gr\u00f6\u00dfere Beteiligung von Hybriden im gesamten Entf\u00fchrungsph\u00e4nomen, aber immer noch sichtlich unter der Kontrolle von grauen Aliens und all sowas.<\/p>\n<p>Dann bemerkte ich, dass einige Menschen Hybriden schon seit der Zeit kannten, als sie noch Kinder waren. Dar\u00fcber habe ich auch in \u201eBedrohung\u201c geschrieben. Und ich nannte sie Hybriden mit personengebundenen Projekten, das waren Hybriden, die sich meist eines jungen menschlichen M\u00e4dchens annahmen, so als eine Art Projekt, m\u00e4nnliche Hybriden, und sie \u201eblieben\u201c bei ihnen, ich wei\u00df nicht wie lange, aber es stellt sich wohl hinaus: F\u00fcr immer. \u00dcber ihre ganze Lebensspanne hinweg, so weit ich das beurteilen kann. Und so war da diese Sache, ich hatte keine Ahnung zu welchem Zweck, aber diese Hybriden suchten sie auf und unterhielten sich mit ihnen, und all solche Sachen.\u201c<\/p><\/blockquote>\n<p>Hopkins und Jacobs entdeckten au\u00dferdem, dass die Hybridenkinder anfangs noch als schw\u00e4chlich und kaum lebensf\u00e4hig beschrieben wurden, sp\u00e4ter aber immer mehr dem Aussehen von Menschen entsprachen. Hier begann f\u00fcr Jacobs der wirklich beunruhigende Teil.<\/p>\n<\/div>\n<\/div>\n<div class=\"shariff shariff-align-left shariff-widget-align-left\"><ul class=\"shariff-buttons theme-round orientation-horizontal buttonsize-small\"><li class=\"shariff-button info shariff-nocustomcolor\" style=\"background-color:#eee\"><a href=\"http:\/\/ct.de\/-2467514\" title=\"Weitere Informationen\" aria-label=\"Weitere Informationen\" role=\"button\" rel=\"noopener \" class=\"shariff-link\" style=\"; background-color:#fff; color:#fff\" target=\"_blank\"><span class=\"shariff-icon\" style=\"\"><svg width=\"32px\" height=\"20px\" xmlns=\"http:\/\/www.w3.org\/2000\/svg\" viewBox=\"0 0 11 32\"><path fill=\"#999\" d=\"M11.4 24v2.3q0 0.5-0.3 0.8t-0.8 0.4h-9.1q-0.5 0-0.8-0.4t-0.4-0.8v-2.3q0-0.5 0.4-0.8t0.8-0.4h1.1v-6.8h-1.1q-0.5 0-0.8-0.4t-0.4-0.8v-2.3q0-0.5 0.4-0.8t0.8-0.4h6.8q0.5 0 0.8 0.4t0.4 0.8v10.3h1.1q0.5 0 0.8 0.4t0.3 0.8zM9.2 3.4v3.4q0 0.5-0.4 0.8t-0.8 0.4h-4.6q-0.4 0-0.8-0.4t-0.4-0.8v-3.4q0-0.4 0.4-0.8t0.8-0.4h4.6q0.5 0 0.8 0.4t0.4 0.8z\"\/><\/svg><\/span><\/a><\/li><li class=\"shariff-button facebook shariff-nocustomcolor\" style=\"background-color:#4273c8\"><a href=\"https:\/\/www.facebook.com\/sharer\/sharer.php?u=https%3A%2F%2Fwww.abduction.de%2Fblog%2Falien-faehigkeiten%2Fdavid-jacobs-und-das-hybridenprojekt%2Fdie-anfaenge-des-hybridenprojekts%2F\" title=\"Bei Facebook teilen\" aria-label=\"Bei Facebook teilen\" role=\"button\" rel=\"nofollow\" class=\"shariff-link\" style=\"; background-color:#3b5998; color:#fff\" target=\"_blank\"><span class=\"shariff-icon\" style=\"\"><svg width=\"32px\" height=\"20px\" xmlns=\"http:\/\/www.w3.org\/2000\/svg\" viewBox=\"0 0 18 32\"><path fill=\"#3b5998\" d=\"M17.1 0.2v4.7h-2.8q-1.5 0-2.1 0.6t-0.5 1.9v3.4h5.2l-0.7 5.3h-4.5v13.6h-5.5v-13.6h-4.5v-5.3h4.5v-3.9q0-3.3 1.9-5.2t5-1.8q2.6 0 4.1 0.2z\"\/><\/svg><\/span><\/a><\/li><li class=\"shariff-button twitter shariff-nocustomcolor\" style=\"background-color:#595959\"><a href=\"https:\/\/twitter.com\/share?url=https%3A%2F%2Fwww.abduction.de%2Fblog%2Falien-faehigkeiten%2Fdavid-jacobs-und-das-hybridenprojekt%2Fdie-anfaenge-des-hybridenprojekts%2F&text=Teil%202%3A%20Die%20Anf%C3%A4nge%20des%20Hybridenprojekts\" title=\"Bei X teilen\" aria-label=\"Bei X teilen\" role=\"button\" rel=\"noopener nofollow\" class=\"shariff-link\" style=\"; background-color:#000; color:#fff\" target=\"_blank\"><span class=\"shariff-icon\" style=\"\"><svg width=\"32px\" height=\"20px\" xmlns=\"http:\/\/www.w3.org\/2000\/svg\" viewBox=\"0 0 24 24\"><path fill=\"#000\" d=\"M14.258 10.152L23.176 0h-2.113l-7.747 8.813L7.133 0H0l9.352 13.328L0 23.973h2.113l8.176-9.309 6.531 9.309h7.133zm-2.895 3.293l-.949-1.328L2.875 1.56h3.246l6.086 8.523.945 1.328 7.91 11.078h-3.246zm0 0\"\/><\/svg><\/span><\/a><\/li><li class=\"shariff-button whatsapp shariff-nocustomcolor\" style=\"background-color:#5cbe4a\"><a href=\"https:\/\/api.whatsapp.com\/send?text=https%3A%2F%2Fwww.abduction.de%2Fblog%2Falien-faehigkeiten%2Fdavid-jacobs-und-das-hybridenprojekt%2Fdie-anfaenge-des-hybridenprojekts%2F%20Teil%202%3A%20Die%20Anf%C3%A4nge%20des%20Hybridenprojekts\" title=\"Bei Whatsapp teilen\" aria-label=\"Bei Whatsapp teilen\" role=\"button\" rel=\"noopener nofollow\" class=\"shariff-link\" style=\"; background-color:#34af23; color:#fff\" target=\"_blank\"><span class=\"shariff-icon\" style=\"\"><svg width=\"32px\" height=\"20px\" xmlns=\"http:\/\/www.w3.org\/2000\/svg\" viewBox=\"0 0 32 32\"><path fill=\"#34af23\" d=\"M17.6 17.4q0.2 0 1.7 0.8t1.6 0.9q0 0.1 0 0.3 0 0.6-0.3 1.4-0.3 0.7-1.3 1.2t-1.8 0.5q-1 0-3.4-1.1-1.7-0.8-3-2.1t-2.6-3.3q-1.3-1.9-1.3-3.5v-0.1q0.1-1.6 1.3-2.8 0.4-0.4 0.9-0.4 0.1 0 0.3 0t0.3 0q0.3 0 0.5 0.1t0.3 0.5q0.1 0.4 0.6 1.6t0.4 1.3q0 0.4-0.6 1t-0.6 0.8q0 0.1 0.1 0.3 0.6 1.3 1.8 2.4 1 0.9 2.7 1.8 0.2 0.1 0.4 0.1 0.3 0 1-0.9t0.9-0.9zM14 26.9q2.3 0 4.3-0.9t3.6-2.4 2.4-3.6 0.9-4.3-0.9-4.3-2.4-3.6-3.6-2.4-4.3-0.9-4.3 0.9-3.6 2.4-2.4 3.6-0.9 4.3q0 3.6 2.1 6.6l-1.4 4.2 4.3-1.4q2.8 1.9 6.2 1.9zM14 2.2q2.7 0 5.2 1.1t4.3 2.9 2.9 4.3 1.1 5.2-1.1 5.2-2.9 4.3-4.3 2.9-5.2 1.1q-3.5 0-6.5-1.7l-7.4 2.4 2.4-7.2q-1.9-3.2-1.9-6.9 0-2.7 1.1-5.2t2.9-4.3 4.3-2.9 5.2-1.1z\"\/><\/svg><\/span><\/a><\/li><li class=\"shariff-button rss shariff-nocustomcolor\" style=\"background-color:#ff8c00\"><a href=\"https:\/\/www.abduction.de\/blog\/feed\/\" title=\"RSS-feed\" aria-label=\"RSS-feed\" role=\"button\" class=\"shariff-link\" style=\"; background-color:#fe9312; color:#fff\" target=\"_blank\"><span class=\"shariff-icon\" style=\"\"><svg width=\"32px\" height=\"20px\" xmlns=\"http:\/\/www.w3.org\/2000\/svg\" viewBox=\"0 0 32 32\"><path fill=\"#fe9312\" d=\"M4.3 23.5c-2.3 0-4.3 1.9-4.3 4.3 0 2.3 1.9 4.2 4.3 4.2 2.4 0 4.3-1.9 4.3-4.2 0-2.3-1.9-4.3-4.3-4.3zM0 10.9v6.1c4 0 7.7 1.6 10.6 4.4 2.8 2.8 4.4 6.6 4.4 10.6h6.2c0-11.7-9.5-21.1-21.1-21.1zM0 0v6.1c14.2 0 25.8 11.6 25.8 25.9h6.2c0-17.6-14.4-32-32-32z\"\/><\/svg><\/span><\/a><\/li><li class=\"shariff-button mailto shariff-nocustomcolor\" style=\"background-color:#a8a8a8\"><a href=\"mailto:?body=https%3A%2F%2Fwww.abduction.de%2Fblog%2Falien-faehigkeiten%2Fdavid-jacobs-und-das-hybridenprojekt%2Fdie-anfaenge-des-hybridenprojekts%2F&subject=Teil%202%3A%20Die%20Anf%C3%A4nge%20des%20Hybridenprojekts\" title=\"Per E-Mail versenden\" aria-label=\"Per E-Mail versenden\" role=\"button\" rel=\"noopener nofollow\" class=\"shariff-link\" style=\"; background-color:#999; color:#fff\"><span class=\"shariff-icon\" style=\"\"><svg width=\"32px\" height=\"20px\" xmlns=\"http:\/\/www.w3.org\/2000\/svg\" viewBox=\"0 0 32 32\"><path fill=\"#999\" d=\"M32 12.7v14.2q0 1.2-0.8 2t-2 0.9h-26.3q-1.2 0-2-0.9t-0.8-2v-14.2q0.8 0.9 1.8 1.6 6.5 4.4 8.9 6.1 1 0.8 1.6 1.2t1.7 0.9 2 0.4h0.1q0.9 0 2-0.4t1.7-0.9 1.6-1.2q3-2.2 8.9-6.1 1-0.7 1.8-1.6zM32 7.4q0 1.4-0.9 2.7t-2.2 2.2q-6.7 4.7-8.4 5.8-0.2 0.1-0.7 0.5t-1 0.7-0.9 0.6-1.1 0.5-0.9 0.2h-0.1q-0.4 0-0.9-0.2t-1.1-0.5-0.9-0.6-1-0.7-0.7-0.5q-1.6-1.1-4.7-3.2t-3.6-2.6q-1.1-0.7-2.1-2t-1-2.5q0-1.4 0.7-2.3t2.1-0.9h26.3q1.2 0 2 0.8t0.9 2z\"\/><\/svg><\/span><\/a><\/li><\/ul><\/div>","protected":false},"excerpt":{"rendered":"<p>Die Anf\u00e4nge des Hybridenprojekts Die gro\u00dfe Frage ist nat\u00fcrlich: Warum sollten andere intelligente Lebewesen uns entf\u00fchren? Welchen Nutzen k\u00f6nnten sie daraus ziehen und welche Zwecke verfolgen sie damit? Jeder Entf\u00fchrungsforscher hat dabei wohl so seine eigene Herangehensweise und konzentriert sich in seiner Arbeit auf bestimmte Aspekte, die f\u00fcr ihn am wichtigsten erscheinen. Nat\u00fcrlich ist man &hellip; <a href=\"https:\/\/www.abduction.de\/blog\/alien-faehigkeiten\/david-jacobs-und-das-hybridenprojekt\/die-anfaenge-des-hybridenprojekts\/\" class=\"more-link\"><span class=\"screen-reader-text\">Teil 2: Die Anf\u00e4nge des Hybridenprojekts<\/span> weiterlesen <span class=\"meta-nav\">&rarr;<\/span><\/a><\/p>\n","protected":false},"author":1,"featured_media":0,"parent":2883,"menu_order":1,"comment_status":"closed","ping_status":"closed","template":"","meta":{"ngg_post_thumbnail":0,"footnotes":""},"class_list":["post-3193","page","type-page","status-publish","hentry"],"yoast_head":"<!-- This site is optimized with the Yoast SEO plugin v27.5 - https:\/\/yoast.com\/product\/yoast-seo-wordpress\/ -->\n<title>Teil 2: Die Anf\u00e4nge des Hybridenprojekts - Abductee-Blog<\/title>\n<meta name=\"description\" content=\"Diese Wesen wurden Alien Hybriden genannt. Budd Hopkins hat diesen Begriff gepr\u00e4gt, bezeichnet sie nun etwas wissenschaftlicher aber als \u201etransgene Wesen\u201c.\" \/>\n<meta name=\"robots\" content=\"index, follow, max-snippet:-1, max-image-preview:large, max-video-preview:-1\" \/>\n<link rel=\"canonical\" href=\"https:\/\/www.abduction.de\/blog\/alien-faehigkeiten\/david-jacobs-und-das-hybridenprojekt\/die-anfaenge-des-hybridenprojekts\/\" \/>\n<meta property=\"og:locale\" content=\"de_DE\" \/>\n<meta property=\"og:type\" content=\"article\" \/>\n<meta property=\"og:title\" content=\"Teil 2: Die Anf\u00e4nge des Hybridenprojekts - Abductee-Blog\" \/>\n<meta property=\"og:description\" content=\"Diese Wesen wurden Alien Hybriden genannt. Budd Hopkins hat diesen Begriff gepr\u00e4gt, bezeichnet sie nun etwas wissenschaftlicher aber als \u201etransgene Wesen\u201c.\" \/>\n<meta property=\"og:url\" content=\"https:\/\/www.abduction.de\/blog\/alien-faehigkeiten\/david-jacobs-und-das-hybridenprojekt\/die-anfaenge-des-hybridenprojekts\/\" \/>\n<meta property=\"og:site_name\" content=\"Abductee-Blog\" \/>\n<meta property=\"article:publisher\" content=\"https:\/\/www.facebook.com\/abduction.de\" \/>\n<meta property=\"article:modified_time\" content=\"2019-01-12T18:03:17+00:00\" \/>\n<meta property=\"og:image\" content=\"https:\/\/www.abduction.de\/blog\/wp-content\/uploads\/2021\/05\/abduction_de_logo-e1701288256619.jpg\" \/>\n\t<meta property=\"og:image:width\" content=\"1020\" \/>\n\t<meta property=\"og:image:height\" content=\"629\" \/>\n\t<meta property=\"og:image:type\" content=\"image\/jpeg\" \/>\n<meta name=\"twitter:card\" content=\"summary_large_image\" \/>\n<meta name=\"twitter:label1\" content=\"Gesch\u00e4tzte Lesezeit\" \/>\n\t<meta name=\"twitter:data1\" content=\"8\u00a0Minuten\" \/>\n<script type=\"application\/ld+json\" class=\"yoast-schema-graph\">{\"@context\":\"https:\\\/\\\/schema.org\",\"@graph\":[{\"@type\":\"WebPage\",\"@id\":\"https:\\\/\\\/www.abduction.de\\\/blog\\\/alien-faehigkeiten\\\/david-jacobs-und-das-hybridenprojekt\\\/die-anfaenge-des-hybridenprojekts\\\/\",\"url\":\"https:\\\/\\\/www.abduction.de\\\/blog\\\/alien-faehigkeiten\\\/david-jacobs-und-das-hybridenprojekt\\\/die-anfaenge-des-hybridenprojekts\\\/\",\"name\":\"Teil 2: Die Anf\u00e4nge des Hybridenprojekts - Abductee-Blog\",\"isPartOf\":{\"@id\":\"https:\\\/\\\/www.abduction.de\\\/blog\\\/#website\"},\"datePublished\":\"2019-01-12T14:02:58+00:00\",\"dateModified\":\"2019-01-12T18:03:17+00:00\",\"description\":\"Diese Wesen wurden Alien Hybriden genannt. Budd Hopkins hat diesen Begriff gepr\u00e4gt, bezeichnet sie nun etwas wissenschaftlicher aber als \u201etransgene Wesen\u201c.\",\"breadcrumb\":{\"@id\":\"https:\\\/\\\/www.abduction.de\\\/blog\\\/alien-faehigkeiten\\\/david-jacobs-und-das-hybridenprojekt\\\/die-anfaenge-des-hybridenprojekts\\\/#breadcrumb\"},\"inLanguage\":\"de\",\"potentialAction\":[{\"@type\":\"ReadAction\",\"target\":[\"https:\\\/\\\/www.abduction.de\\\/blog\\\/alien-faehigkeiten\\\/david-jacobs-und-das-hybridenprojekt\\\/die-anfaenge-des-hybridenprojekts\\\/\"]}]},{\"@type\":\"BreadcrumbList\",\"@id\":\"https:\\\/\\\/www.abduction.de\\\/blog\\\/alien-faehigkeiten\\\/david-jacobs-und-das-hybridenprojekt\\\/die-anfaenge-des-hybridenprojekts\\\/#breadcrumb\",\"itemListElement\":[{\"@type\":\"ListItem\",\"position\":1,\"name\":\"Startseite\",\"item\":\"https:\\\/\\\/www.abduction.de\\\/blog\\\/\"},{\"@type\":\"ListItem\",\"position\":2,\"name\":\"Aliens &#038; F\u00e4higkeiten\",\"item\":\"https:\\\/\\\/www.abduction.de\\\/blog\\\/alien-faehigkeiten\\\/\"},{\"@type\":\"ListItem\",\"position\":3,\"name\":\"David Jacobs und das Hybridenprojekt\",\"item\":\"https:\\\/\\\/www.abduction.de\\\/blog\\\/alien-faehigkeiten\\\/david-jacobs-und-das-hybridenprojekt\\\/\"},{\"@type\":\"ListItem\",\"position\":4,\"name\":\"Teil 2: Die Anf\u00e4nge des Hybridenprojekts\"}]},{\"@type\":\"WebSite\",\"@id\":\"https:\\\/\\\/www.abduction.de\\\/blog\\\/#website\",\"url\":\"https:\\\/\\\/www.abduction.de\\\/blog\\\/\",\"name\":\"Abductee-Blog\",\"description\":\"Von Betroffenen f\u00fcr Betroffene und Interessierte des Alien-Entf\u00fchrungs-Ph\u00e4nomens\",\"potentialAction\":[{\"@type\":\"SearchAction\",\"target\":{\"@type\":\"EntryPoint\",\"urlTemplate\":\"https:\\\/\\\/www.abduction.de\\\/blog\\\/?s={search_term_string}\"},\"query-input\":{\"@type\":\"PropertyValueSpecification\",\"valueRequired\":true,\"valueName\":\"search_term_string\"}}],\"inLanguage\":\"de\"}]}<\/script>\n<!-- \/ Yoast SEO plugin. -->","yoast_head_json":{"title":"Teil 2: Die Anf\u00e4nge des Hybridenprojekts - Abductee-Blog","description":"Diese Wesen wurden Alien Hybriden genannt. Budd Hopkins hat diesen Begriff gepr\u00e4gt, bezeichnet sie nun etwas wissenschaftlicher aber als \u201etransgene Wesen\u201c.","robots":{"index":"index","follow":"follow","max-snippet":"max-snippet:-1","max-image-preview":"max-image-preview:large","max-video-preview":"max-video-preview:-1"},"canonical":"https:\/\/www.abduction.de\/blog\/alien-faehigkeiten\/david-jacobs-und-das-hybridenprojekt\/die-anfaenge-des-hybridenprojekts\/","og_locale":"de_DE","og_type":"article","og_title":"Teil 2: Die Anf\u00e4nge des Hybridenprojekts - Abductee-Blog","og_description":"Diese Wesen wurden Alien Hybriden genannt. Budd Hopkins hat diesen Begriff gepr\u00e4gt, bezeichnet sie nun etwas wissenschaftlicher aber als \u201etransgene Wesen\u201c.","og_url":"https:\/\/www.abduction.de\/blog\/alien-faehigkeiten\/david-jacobs-und-das-hybridenprojekt\/die-anfaenge-des-hybridenprojekts\/","og_site_name":"Abductee-Blog","article_publisher":"https:\/\/www.facebook.com\/abduction.de","article_modified_time":"2019-01-12T18:03:17+00:00","og_image":[{"width":1020,"height":629,"url":"https:\/\/www.abduction.de\/blog\/wp-content\/uploads\/2021\/05\/abduction_de_logo-e1701288256619.jpg","type":"image\/jpeg"}],"twitter_card":"summary_large_image","twitter_misc":{"Gesch\u00e4tzte Lesezeit":"8\u00a0Minuten"},"schema":{"@context":"https:\/\/schema.org","@graph":[{"@type":"WebPage","@id":"https:\/\/www.abduction.de\/blog\/alien-faehigkeiten\/david-jacobs-und-das-hybridenprojekt\/die-anfaenge-des-hybridenprojekts\/","url":"https:\/\/www.abduction.de\/blog\/alien-faehigkeiten\/david-jacobs-und-das-hybridenprojekt\/die-anfaenge-des-hybridenprojekts\/","name":"Teil 2: Die Anf\u00e4nge des Hybridenprojekts - Abductee-Blog","isPartOf":{"@id":"https:\/\/www.abduction.de\/blog\/#website"},"datePublished":"2019-01-12T14:02:58+00:00","dateModified":"2019-01-12T18:03:17+00:00","description":"Diese Wesen wurden Alien Hybriden genannt. Budd Hopkins hat diesen Begriff gepr\u00e4gt, bezeichnet sie nun etwas wissenschaftlicher aber als \u201etransgene Wesen\u201c.","breadcrumb":{"@id":"https:\/\/www.abduction.de\/blog\/alien-faehigkeiten\/david-jacobs-und-das-hybridenprojekt\/die-anfaenge-des-hybridenprojekts\/#breadcrumb"},"inLanguage":"de","potentialAction":[{"@type":"ReadAction","target":["https:\/\/www.abduction.de\/blog\/alien-faehigkeiten\/david-jacobs-und-das-hybridenprojekt\/die-anfaenge-des-hybridenprojekts\/"]}]},{"@type":"BreadcrumbList","@id":"https:\/\/www.abduction.de\/blog\/alien-faehigkeiten\/david-jacobs-und-das-hybridenprojekt\/die-anfaenge-des-hybridenprojekts\/#breadcrumb","itemListElement":[{"@type":"ListItem","position":1,"name":"Startseite","item":"https:\/\/www.abduction.de\/blog\/"},{"@type":"ListItem","position":2,"name":"Aliens &#038; F\u00e4higkeiten","item":"https:\/\/www.abduction.de\/blog\/alien-faehigkeiten\/"},{"@type":"ListItem","position":3,"name":"David Jacobs und das Hybridenprojekt","item":"https:\/\/www.abduction.de\/blog\/alien-faehigkeiten\/david-jacobs-und-das-hybridenprojekt\/"},{"@type":"ListItem","position":4,"name":"Teil 2: Die Anf\u00e4nge des Hybridenprojekts"}]},{"@type":"WebSite","@id":"https:\/\/www.abduction.de\/blog\/#website","url":"https:\/\/www.abduction.de\/blog\/","name":"Abductee-Blog","description":"Von Betroffenen f\u00fcr Betroffene und Interessierte des Alien-Entf\u00fchrungs-Ph\u00e4nomens","potentialAction":[{"@type":"SearchAction","target":{"@type":"EntryPoint","urlTemplate":"https:\/\/www.abduction.de\/blog\/?s={search_term_string}"},"query-input":{"@type":"PropertyValueSpecification","valueRequired":true,"valueName":"search_term_string"}}],"inLanguage":"de"}]}},"_links":{"self":[{"href":"https:\/\/www.abduction.de\/blog\/wp-json\/wp\/v2\/pages\/3193","targetHints":{"allow":["GET"]}}],"collection":[{"href":"https:\/\/www.abduction.de\/blog\/wp-json\/wp\/v2\/pages"}],"about":[{"href":"https:\/\/www.abduction.de\/blog\/wp-json\/wp\/v2\/types\/page"}],"author":[{"embeddable":true,"href":"https:\/\/www.abduction.de\/blog\/wp-json\/wp\/v2\/users\/1"}],"replies":[{"embeddable":true,"href":"https:\/\/www.abduction.de\/blog\/wp-json\/wp\/v2\/comments?post=3193"}],"version-history":[{"count":1,"href":"https:\/\/www.abduction.de\/blog\/wp-json\/wp\/v2\/pages\/3193\/revisions"}],"predecessor-version":[{"id":3194,"href":"https:\/\/www.abduction.de\/blog\/wp-json\/wp\/v2\/pages\/3193\/revisions\/3194"}],"up":[{"embeddable":true,"href":"https:\/\/www.abduction.de\/blog\/wp-json\/wp\/v2\/pages\/2883"}],"wp:attachment":[{"href":"https:\/\/www.abduction.de\/blog\/wp-json\/wp\/v2\/media?parent=3193"}],"curies":[{"name":"wp","href":"https:\/\/api.w.org\/{rel}","templated":true}]}}