{"id":6745,"date":"2022-05-12T14:29:59","date_gmt":"2022-05-12T12:29:59","guid":{"rendered":"https:\/\/www.abduction.de\/blog\/?page_id=6745"},"modified":"2023-03-30T14:36:03","modified_gmt":"2023-03-30T12:36:03","slug":"aliens-und-entfuehrungen","status":"publish","type":"page","link":"https:\/\/www.abduction.de\/blog\/galerie\/aliens-und-entfuehrungen\/","title":{"rendered":"Aliens &#038; Entf\u00fchrungen"},"content":{"rendered":"<p>Bilder von Entf\u00fchrungserlebnissen und Alien-Begegnungen.<br \/>\nDie Zeichnungen stammen von unseren <a href=\"https:\/\/www.abduction.de\/abducteeforum\/index.php\" target=\"_blank\" rel=\"noopener\">abduction.de<\/a> &#8211; Forenmitgliedern, die auch die Geschichten dazu erz\u00e4hlen:<\/p>\nngg_shortcode_0_placeholder\n<p>Einige der Bilder sind in einem <a href=\"https:\/\/www.abduction.de\/blog\/filme\/alien-abduction-drawings\/\" target=\"_blank\" rel=\"noopener\">Video<\/a> mit Musik von John Akhen zusammengefasst:<\/p>\n<p><iframe loading=\"lazy\" title=\"Alien Abduction - Drawings made by German experiencers\" width=\"474\" height=\"267\" src=\"https:\/\/www.youtube.com\/embed\/SVLsLCgGiOo?feature=oembed\" frameborder=\"0\" allow=\"accelerometer; autoplay; clipboard-write; encrypted-media; gyroscope; picture-in-picture; web-share\" referrerpolicy=\"strict-origin-when-cross-origin\" allowfullscreen><\/iframe><\/p>\n<div class=\"shariff shariff-align-left shariff-widget-align-left\"><ul class=\"shariff-buttons theme-round orientation-horizontal buttonsize-small\"><li class=\"shariff-button info shariff-nocustomcolor\" style=\"background-color:#eee\"><a href=\"http:\/\/ct.de\/-2467514\" title=\"Weitere Informationen\" aria-label=\"Weitere Informationen\" role=\"button\" rel=\"noopener \" class=\"shariff-link\" style=\"; background-color:#fff; color:#fff\" target=\"_blank\"><span class=\"shariff-icon\" style=\"\"><svg width=\"32px\" height=\"20px\" xmlns=\"http:\/\/www.w3.org\/2000\/svg\" viewBox=\"0 0 11 32\"><path fill=\"#999\" d=\"M11.4 24v2.3q0 0.5-0.3 0.8t-0.8 0.4h-9.1q-0.5 0-0.8-0.4t-0.4-0.8v-2.3q0-0.5 0.4-0.8t0.8-0.4h1.1v-6.8h-1.1q-0.5 0-0.8-0.4t-0.4-0.8v-2.3q0-0.5 0.4-0.8t0.8-0.4h6.8q0.5 0 0.8 0.4t0.4 0.8v10.3h1.1q0.5 0 0.8 0.4t0.3 0.8zM9.2 3.4v3.4q0 0.5-0.4 0.8t-0.8 0.4h-4.6q-0.4 0-0.8-0.4t-0.4-0.8v-3.4q0-0.4 0.4-0.8t0.8-0.4h4.6q0.5 0 0.8 0.4t0.4 0.8z\"\/><\/svg><\/span><\/a><\/li><li class=\"shariff-button facebook shariff-nocustomcolor\" style=\"background-color:#4273c8\"><a href=\"https:\/\/www.facebook.com\/sharer\/sharer.php?u=https%3A%2F%2Fwww.abduction.de%2Fblog%2Fgalerie%2Faliens-und-entfuehrungen%2F\" title=\"Bei Facebook teilen\" aria-label=\"Bei Facebook teilen\" role=\"button\" rel=\"nofollow\" class=\"shariff-link\" style=\"; background-color:#3b5998; color:#fff\" target=\"_blank\"><span class=\"shariff-icon\" style=\"\"><svg width=\"32px\" height=\"20px\" xmlns=\"http:\/\/www.w3.org\/2000\/svg\" viewBox=\"0 0 18 32\"><path fill=\"#3b5998\" d=\"M17.1 0.2v4.7h-2.8q-1.5 0-2.1 0.6t-0.5 1.9v3.4h5.2l-0.7 5.3h-4.5v13.6h-5.5v-13.6h-4.5v-5.3h4.5v-3.9q0-3.3 1.9-5.2t5-1.8q2.6 0 4.1 0.2z\"\/><\/svg><\/span><\/a><\/li><li class=\"shariff-button twitter shariff-nocustomcolor\" style=\"background-color:#595959\"><a href=\"https:\/\/twitter.com\/share?url=https%3A%2F%2Fwww.abduction.de%2Fblog%2Fgalerie%2Faliens-und-entfuehrungen%2F&text=Aliens%20%26%20Entf%C3%BChrungen\" title=\"Bei X teilen\" aria-label=\"Bei X teilen\" role=\"button\" rel=\"noopener nofollow\" class=\"shariff-link\" style=\"; background-color:#000; color:#fff\" target=\"_blank\"><span class=\"shariff-icon\" style=\"\"><svg width=\"32px\" height=\"20px\" xmlns=\"http:\/\/www.w3.org\/2000\/svg\" viewBox=\"0 0 24 24\"><path fill=\"#000\" d=\"M14.258 10.152L23.176 0h-2.113l-7.747 8.813L7.133 0H0l9.352 13.328L0 23.973h2.113l8.176-9.309 6.531 9.309h7.133zm-2.895 3.293l-.949-1.328L2.875 1.56h3.246l6.086 8.523.945 1.328 7.91 11.078h-3.246zm0 0\"\/><\/svg><\/span><\/a><\/li><li class=\"shariff-button whatsapp shariff-nocustomcolor\" style=\"background-color:#5cbe4a\"><a href=\"https:\/\/api.whatsapp.com\/send?text=https%3A%2F%2Fwww.abduction.de%2Fblog%2Fgalerie%2Faliens-und-entfuehrungen%2F%20Aliens%20%26%20Entf%C3%BChrungen\" title=\"Bei Whatsapp teilen\" aria-label=\"Bei Whatsapp teilen\" role=\"button\" rel=\"noopener nofollow\" class=\"shariff-link\" style=\"; background-color:#34af23; color:#fff\" target=\"_blank\"><span class=\"shariff-icon\" style=\"\"><svg width=\"32px\" height=\"20px\" xmlns=\"http:\/\/www.w3.org\/2000\/svg\" viewBox=\"0 0 32 32\"><path fill=\"#34af23\" d=\"M17.6 17.4q0.2 0 1.7 0.8t1.6 0.9q0 0.1 0 0.3 0 0.6-0.3 1.4-0.3 0.7-1.3 1.2t-1.8 0.5q-1 0-3.4-1.1-1.7-0.8-3-2.1t-2.6-3.3q-1.3-1.9-1.3-3.5v-0.1q0.1-1.6 1.3-2.8 0.4-0.4 0.9-0.4 0.1 0 0.3 0t0.3 0q0.3 0 0.5 0.1t0.3 0.5q0.1 0.4 0.6 1.6t0.4 1.3q0 0.4-0.6 1t-0.6 0.8q0 0.1 0.1 0.3 0.6 1.3 1.8 2.4 1 0.9 2.7 1.8 0.2 0.1 0.4 0.1 0.3 0 1-0.9t0.9-0.9zM14 26.9q2.3 0 4.3-0.9t3.6-2.4 2.4-3.6 0.9-4.3-0.9-4.3-2.4-3.6-3.6-2.4-4.3-0.9-4.3 0.9-3.6 2.4-2.4 3.6-0.9 4.3q0 3.6 2.1 6.6l-1.4 4.2 4.3-1.4q2.8 1.9 6.2 1.9zM14 2.2q2.7 0 5.2 1.1t4.3 2.9 2.9 4.3 1.1 5.2-1.1 5.2-2.9 4.3-4.3 2.9-5.2 1.1q-3.5 0-6.5-1.7l-7.4 2.4 2.4-7.2q-1.9-3.2-1.9-6.9 0-2.7 1.1-5.2t2.9-4.3 4.3-2.9 5.2-1.1z\"\/><\/svg><\/span><\/a><\/li><li class=\"shariff-button rss shariff-nocustomcolor\" style=\"background-color:#ff8c00\"><a href=\"https:\/\/www.abduction.de\/blog\/feed\/\" title=\"RSS-feed\" aria-label=\"RSS-feed\" role=\"button\" class=\"shariff-link\" style=\"; background-color:#fe9312; color:#fff\" target=\"_blank\"><span class=\"shariff-icon\" style=\"\"><svg width=\"32px\" height=\"20px\" xmlns=\"http:\/\/www.w3.org\/2000\/svg\" viewBox=\"0 0 32 32\"><path fill=\"#fe9312\" d=\"M4.3 23.5c-2.3 0-4.3 1.9-4.3 4.3 0 2.3 1.9 4.2 4.3 4.2 2.4 0 4.3-1.9 4.3-4.2 0-2.3-1.9-4.3-4.3-4.3zM0 10.9v6.1c4 0 7.7 1.6 10.6 4.4 2.8 2.8 4.4 6.6 4.4 10.6h6.2c0-11.7-9.5-21.1-21.1-21.1zM0 0v6.1c14.2 0 25.8 11.6 25.8 25.9h6.2c0-17.6-14.4-32-32-32z\"\/><\/svg><\/span><\/a><\/li><li class=\"shariff-button mailto shariff-nocustomcolor\" style=\"background-color:#a8a8a8\"><a href=\"mailto:?body=https%3A%2F%2Fwww.abduction.de%2Fblog%2Fgalerie%2Faliens-und-entfuehrungen%2F&subject=Aliens%20%26%20Entf%C3%BChrungen\" title=\"Per E-Mail versenden\" aria-label=\"Per E-Mail versenden\" role=\"button\" rel=\"noopener nofollow\" class=\"shariff-link\" style=\"; background-color:#999; color:#fff\"><span class=\"shariff-icon\" style=\"\"><svg width=\"32px\" height=\"20px\" xmlns=\"http:\/\/www.w3.org\/2000\/svg\" viewBox=\"0 0 32 32\"><path fill=\"#999\" d=\"M32 12.7v14.2q0 1.2-0.8 2t-2 0.9h-26.3q-1.2 0-2-0.9t-0.8-2v-14.2q0.8 0.9 1.8 1.6 6.5 4.4 8.9 6.1 1 0.8 1.6 1.2t1.7 0.9 2 0.4h0.1q0.9 0 2-0.4t1.7-0.9 1.6-1.2q3-2.2 8.9-6.1 1-0.7 1.8-1.6zM32 7.4q0 1.4-0.9 2.7t-2.2 2.2q-6.7 4.7-8.4 5.8-0.2 0.1-0.7 0.5t-1 0.7-0.9 0.6-1.1 0.5-0.9 0.2h-0.1q-0.4 0-0.9-0.2t-1.1-0.5-0.9-0.6-1-0.7-0.7-0.5q-1.6-1.1-4.7-3.2t-3.6-2.6q-1.1-0.7-2.1-2t-1-2.5q0-1.4 0.7-2.3t2.1-0.9h26.3q1.2 0 2 0.8t0.9 2z\"\/><\/svg><\/span><\/a><\/li><\/ul><\/div>","protected":false},"excerpt":{"rendered":"<p>Bilder von Entf\u00fchrungserlebnissen und Alien-Begegnungen. Die Zeichnungen stammen von unseren abduction.de &#8211; Forenmitgliedern, die auch die Geschichten dazu erz\u00e4hlen: &nbsp; Einige der Bilder sind in einem Video mit Musik von John Akhen zusammengefasst:<\/p>\n","protected":false},"author":1,"featured_media":6758,"parent":1979,"menu_order":0,"comment_status":"closed","ping_status":"closed","template":"","meta":{"ngg_post_thumbnail":0,"footnotes":""},"class_list":["post-6745","page","type-page","status-publish","has-post-thumbnail","hentry"],"yoast_head":"<!-- This site is optimized with the Yoast SEO plugin v27.4 - https:\/\/yoast.com\/product\/yoast-seo-wordpress\/ -->\n<title>Aliens &amp; Entf\u00fchrungen - Abductee-Blog<\/title>\n<meta name=\"description\" content=\"Zeichnungen von abduction.de - Forenmitgliedern: Bilder aus Entf\u00fchrungserlebnissen, von Alien-Begegnungen und UFO-Sichtungen.\" \/>\n<meta name=\"robots\" content=\"index, follow, max-snippet:-1, max-image-preview:large, max-video-preview:-1\" \/>\n<link rel=\"canonical\" href=\"https:\/\/www.abduction.de\/blog\/galerie\/aliens-und-entfuehrungen\/\" \/>\n<meta property=\"og:locale\" content=\"de_DE\" \/>\n<meta property=\"og:type\" content=\"article\" \/>\n<meta property=\"og:title\" content=\"Aliens &amp; Entf\u00fchrungen - Abductee-Blog\" \/>\n<meta property=\"og:description\" content=\"Zeichnungen von abduction.de - Forenmitgliedern: Bilder aus Entf\u00fchrungserlebnissen, von Alien-Begegnungen und UFO-Sichtungen.\" \/>\n<meta property=\"og:url\" content=\"https:\/\/www.abduction.de\/blog\/galerie\/aliens-und-entfuehrungen\/\" \/>\n<meta property=\"og:site_name\" content=\"Abductee-Blog\" \/>\n<meta property=\"article:publisher\" content=\"https:\/\/www.facebook.com\/abduction.de\" \/>\n<meta property=\"article:modified_time\" content=\"2023-03-30T12:36:03+00:00\" \/>\n<meta property=\"og:image\" content=\"https:\/\/www.abduction.de\/blog\/wp-content\/uploads\/2022\/05\/nggallery_import\/ford7.png\" \/>\n\t<meta property=\"og:image:width\" content=\"660\" \/>\n\t<meta property=\"og:image:height\" content=\"411\" \/>\n\t<meta property=\"og:image:type\" content=\"image\/png\" \/>\n<meta name=\"twitter:card\" content=\"summary_large_image\" \/>\n<script type=\"application\/ld+json\" class=\"yoast-schema-graph\">{\"@context\":\"https:\\\/\\\/schema.org\",\"@graph\":[{\"@type\":\"WebPage\",\"@id\":\"https:\\\/\\\/www.abduction.de\\\/blog\\\/galerie\\\/aliens-und-entfuehrungen\\\/\",\"url\":\"https:\\\/\\\/www.abduction.de\\\/blog\\\/galerie\\\/aliens-und-entfuehrungen\\\/\",\"name\":\"Aliens & Entf\u00fchrungen - Abductee-Blog\",\"isPartOf\":{\"@id\":\"https:\\\/\\\/www.abduction.de\\\/blog\\\/#website\"},\"primaryImageOfPage\":{\"@id\":\"https:\\\/\\\/www.abduction.de\\\/blog\\\/galerie\\\/aliens-und-entfuehrungen\\\/#primaryimage\"},\"image\":{\"@id\":\"https:\\\/\\\/www.abduction.de\\\/blog\\\/galerie\\\/aliens-und-entfuehrungen\\\/#primaryimage\"},\"thumbnailUrl\":\"https:\\\/\\\/www.abduction.de\\\/blog\\\/wp-content\\\/uploads\\\/2022\\\/05\\\/nggallery_import\\\/ford7.png\",\"datePublished\":\"2022-05-12T12:29:59+00:00\",\"dateModified\":\"2023-03-30T12:36:03+00:00\",\"description\":\"Zeichnungen von abduction.de - Forenmitgliedern: Bilder aus Entf\u00fchrungserlebnissen, von Alien-Begegnungen und UFO-Sichtungen.\",\"breadcrumb\":{\"@id\":\"https:\\\/\\\/www.abduction.de\\\/blog\\\/galerie\\\/aliens-und-entfuehrungen\\\/#breadcrumb\"},\"inLanguage\":\"de\",\"potentialAction\":[{\"@type\":\"ReadAction\",\"target\":[\"https:\\\/\\\/www.abduction.de\\\/blog\\\/galerie\\\/aliens-und-entfuehrungen\\\/\"]}]},{\"@type\":\"ImageObject\",\"inLanguage\":\"de\",\"@id\":\"https:\\\/\\\/www.abduction.de\\\/blog\\\/galerie\\\/aliens-und-entfuehrungen\\\/#primaryimage\",\"url\":\"https:\\\/\\\/www.abduction.de\\\/blog\\\/wp-content\\\/uploads\\\/2022\\\/05\\\/nggallery_import\\\/ford7.png\",\"contentUrl\":\"https:\\\/\\\/www.abduction.de\\\/blog\\\/wp-content\\\/uploads\\\/2022\\\/05\\\/nggallery_import\\\/ford7.png\",\"width\":660,\"height\":411},{\"@type\":\"BreadcrumbList\",\"@id\":\"https:\\\/\\\/www.abduction.de\\\/blog\\\/galerie\\\/aliens-und-entfuehrungen\\\/#breadcrumb\",\"itemListElement\":[{\"@type\":\"ListItem\",\"position\":1,\"name\":\"Startseite\",\"item\":\"https:\\\/\\\/www.abduction.de\\\/blog\\\/\"},{\"@type\":\"ListItem\",\"position\":2,\"name\":\"Galerie \\\/ Zeichnungen\",\"item\":\"https:\\\/\\\/www.abduction.de\\\/blog\\\/galerie\\\/\"},{\"@type\":\"ListItem\",\"position\":3,\"name\":\"Aliens &#038; Entf\u00fchrungen\"}]},{\"@type\":\"WebSite\",\"@id\":\"https:\\\/\\\/www.abduction.de\\\/blog\\\/#website\",\"url\":\"https:\\\/\\\/www.abduction.de\\\/blog\\\/\",\"name\":\"Abductee-Blog\",\"description\":\"Von Betroffenen f\u00fcr Betroffene und Interessierte des Alien-Entf\u00fchrungs-Ph\u00e4nomens\",\"potentialAction\":[{\"@type\":\"SearchAction\",\"target\":{\"@type\":\"EntryPoint\",\"urlTemplate\":\"https:\\\/\\\/www.abduction.de\\\/blog\\\/?s={search_term_string}\"},\"query-input\":{\"@type\":\"PropertyValueSpecification\",\"valueRequired\":true,\"valueName\":\"search_term_string\"}}],\"inLanguage\":\"de\"}]}<\/script>\n<!-- \/ Yoast SEO plugin. -->","yoast_head_json":{"title":"Aliens & Entf\u00fchrungen - Abductee-Blog","description":"Zeichnungen von abduction.de - Forenmitgliedern: Bilder aus Entf\u00fchrungserlebnissen, von Alien-Begegnungen und UFO-Sichtungen.","robots":{"index":"index","follow":"follow","max-snippet":"max-snippet:-1","max-image-preview":"max-image-preview:large","max-video-preview":"max-video-preview:-1"},"canonical":"https:\/\/www.abduction.de\/blog\/galerie\/aliens-und-entfuehrungen\/","og_locale":"de_DE","og_type":"article","og_title":"Aliens & Entf\u00fchrungen - Abductee-Blog","og_description":"Zeichnungen von abduction.de - Forenmitgliedern: Bilder aus Entf\u00fchrungserlebnissen, von Alien-Begegnungen und UFO-Sichtungen.","og_url":"https:\/\/www.abduction.de\/blog\/galerie\/aliens-und-entfuehrungen\/","og_site_name":"Abductee-Blog","article_publisher":"https:\/\/www.facebook.com\/abduction.de","article_modified_time":"2023-03-30T12:36:03+00:00","og_image":[{"width":660,"height":411,"url":"https:\/\/www.abduction.de\/blog\/wp-content\/uploads\/2022\/05\/nggallery_import\/ford7.png","type":"image\/png"}],"twitter_card":"summary_large_image","schema":{"@context":"https:\/\/schema.org","@graph":[{"@type":"WebPage","@id":"https:\/\/www.abduction.de\/blog\/galerie\/aliens-und-entfuehrungen\/","url":"https:\/\/www.abduction.de\/blog\/galerie\/aliens-und-entfuehrungen\/","name":"Aliens & Entf\u00fchrungen - Abductee-Blog","isPartOf":{"@id":"https:\/\/www.abduction.de\/blog\/#website"},"primaryImageOfPage":{"@id":"https:\/\/www.abduction.de\/blog\/galerie\/aliens-und-entfuehrungen\/#primaryimage"},"image":{"@id":"https:\/\/www.abduction.de\/blog\/galerie\/aliens-und-entfuehrungen\/#primaryimage"},"thumbnailUrl":"https:\/\/www.abduction.de\/blog\/wp-content\/uploads\/2022\/05\/nggallery_import\/ford7.png","datePublished":"2022-05-12T12:29:59+00:00","dateModified":"2023-03-30T12:36:03+00:00","description":"Zeichnungen von abduction.de - Forenmitgliedern: Bilder aus Entf\u00fchrungserlebnissen, von Alien-Begegnungen und UFO-Sichtungen.","breadcrumb":{"@id":"https:\/\/www.abduction.de\/blog\/galerie\/aliens-und-entfuehrungen\/#breadcrumb"},"inLanguage":"de","potentialAction":[{"@type":"ReadAction","target":["https:\/\/www.abduction.de\/blog\/galerie\/aliens-und-entfuehrungen\/"]}]},{"@type":"ImageObject","inLanguage":"de","@id":"https:\/\/www.abduction.de\/blog\/galerie\/aliens-und-entfuehrungen\/#primaryimage","url":"https:\/\/www.abduction.de\/blog\/wp-content\/uploads\/2022\/05\/nggallery_import\/ford7.png","contentUrl":"https:\/\/www.abduction.de\/blog\/wp-content\/uploads\/2022\/05\/nggallery_import\/ford7.png","width":660,"height":411},{"@type":"BreadcrumbList","@id":"https:\/\/www.abduction.de\/blog\/galerie\/aliens-und-entfuehrungen\/#breadcrumb","itemListElement":[{"@type":"ListItem","position":1,"name":"Startseite","item":"https:\/\/www.abduction.de\/blog\/"},{"@type":"ListItem","position":2,"name":"Galerie \/ Zeichnungen","item":"https:\/\/www.abduction.de\/blog\/galerie\/"},{"@type":"ListItem","position":3,"name":"Aliens &#038; Entf\u00fchrungen"}]},{"@type":"WebSite","@id":"https:\/\/www.abduction.de\/blog\/#website","url":"https:\/\/www.abduction.de\/blog\/","name":"Abductee-Blog","description":"Von Betroffenen f\u00fcr Betroffene und Interessierte des Alien-Entf\u00fchrungs-Ph\u00e4nomens","potentialAction":[{"@type":"SearchAction","target":{"@type":"EntryPoint","urlTemplate":"https:\/\/www.abduction.de\/blog\/?s={search_term_string}"},"query-input":{"@type":"PropertyValueSpecification","valueRequired":true,"valueName":"search_term_string"}}],"inLanguage":"de"}]}},"_links":{"self":[{"href":"https:\/\/www.abduction.de\/blog\/wp-json\/wp\/v2\/pages\/6745","targetHints":{"allow":["GET"]}}],"collection":[{"href":"https:\/\/www.abduction.de\/blog\/wp-json\/wp\/v2\/pages"}],"about":[{"href":"https:\/\/www.abduction.de\/blog\/wp-json\/wp\/v2\/types\/page"}],"author":[{"embeddable":true,"href":"https:\/\/www.abduction.de\/blog\/wp-json\/wp\/v2\/users\/1"}],"replies":[{"embeddable":true,"href":"https:\/\/www.abduction.de\/blog\/wp-json\/wp\/v2\/comments?post=6745"}],"version-history":[{"count":18,"href":"https:\/\/www.abduction.de\/blog\/wp-json\/wp\/v2\/pages\/6745\/revisions"}],"predecessor-version":[{"id":6777,"href":"https:\/\/www.abduction.de\/blog\/wp-json\/wp\/v2\/pages\/6745\/revisions\/6777"}],"up":[{"embeddable":true,"href":"https:\/\/www.abduction.de\/blog\/wp-json\/wp\/v2\/pages\/1979"}],"wp:featuredmedia":[{"embeddable":true,"href":"https:\/\/www.abduction.de\/blog\/wp-json\/wp\/v2\/media\/6758"}],"wp:attachment":[{"href":"https:\/\/www.abduction.de\/blog\/wp-json\/wp\/v2\/media?parent=6745"}],"curies":[{"name":"wp","href":"https:\/\/api.w.org\/{rel}","templated":true}]}}